{"id":2643,"date":"2024-10-25T08:48:22","date_gmt":"2024-10-25T08:48:22","guid":{"rendered":"https:\/\/azimuthworldfoundation.org\/?page_id=2643"},"modified":"2026-03-27T17:46:28","modified_gmt":"2026-03-27T17:46:28","slug":"oportunidades","status":"publish","type":"page","link":"https:\/\/azimuthworldfoundation.org\/pt-pt\/partnerships\/oportunidades\/","title":{"rendered":"Oportunidades"},"content":{"rendered":"<p><div class=\"fusion-fullwidth fullwidth-box fusion-builder-row-1 fusion-flex-container has-pattern-background has-mask-background nonhundred-percent-fullwidth non-hundred-percent-height-scrolling fusion-no-small-visibility\" style=\"--awb-border-radius-top-left:0px;--awb-border-radius-top-right:0px;--awb-border-radius-bottom-right:0px;--awb-border-radius-bottom-left:0px;--awb-padding-top:160px;--awb-padding-top-small:40px;--awb-background-color:#eae9e4;--awb-flex-wrap:wrap;\" ><div class=\"fusion-builder-row fusion-row fusion-flex-align-items-flex-start fusion-flex-content-wrap\" style=\"max-width:1248px;margin-left: calc(-4% \/ 2 );margin-right: calc(-4% \/ 2 );\"><div class=\"fusion-layout-column fusion_builder_column fusion-builder-column-0 fusion_builder_column_1_1 1_1 fusion-flex-column\" style=\"--awb-bg-size:cover;--awb-width-large:100%;--awb-margin-top-large:0px;--awb-spacing-right-large:1.92%;--awb-margin-bottom-large:20px;--awb-spacing-left-large:1.92%;--awb-width-medium:100%;--awb-order-medium:0;--awb-spacing-right-medium:1.92%;--awb-spacing-left-medium:1.92%;--awb-width-small:100%;--awb-order-small:0;--awb-spacing-right-small:1.92%;--awb-spacing-left-small:1.92%;\"><div class=\"fusion-column-wrapper fusion-column-has-shadow fusion-flex-justify-content-flex-start fusion-content-layout-column\"><div class=\"fusion-title title fusion-title-1 fusion-sep-none fusion-title-text fusion-title-size-two\" style=\"--awb-text-color:var(--awb-color4);--awb-margin-bottom:5px;--awb-font-size:35px;\"><h2 class=\"fusion-title-heading title-heading-left fusion-responsive-typography-calculated\" style=\"font-family:&quot;Karbon 500&quot;;font-style:normal;font-weight:400;margin:0;font-size:1em;letter-spacing:0.3px;--fontSize:35;line-height:0.86;\">Oportunidades<\/h2><\/div><div class=\"fusion-text fusion-text-1\" style=\"--awb-font-size:23px;--awb-line-height:30px;--awb-letter-spacing:0.3px;--awb-text-font-family:&quot;NeueKabel-Black&quot;;--awb-text-font-style:normal;--awb-text-font-weight:400;\" id=\"intro-text\"><p style=\"font-size: 25px; line-height: 30px; letter-spacing: 0.5px; font-family: NeueKabel-Regular;\" data-fusion-font=\"true\"><span style=\"font-size: 23px; line-height: 30px; letter-spacing: 0.3px;\" data-fusion-font=\"true\">De apoio jur\u00eddico pro-bono a servi\u00e7os de tradu\u00e7\u00e3o, de experi\u00eancia em sa\u00fade a consultoria ambiental, de compet\u00eancias em comunica\u00e7\u00e3o a conhecimento t\u00e9cnico, existem in\u00fameras formas de apoiar iniciativas lideradas por comunidades ind\u00edgenas. Cada compet\u00eancia e forma de conhecimento pode ter muito valor no fortalecimento das organiza\u00e7\u00f5es ind\u00edgenas e do seu importante trabalho. Na Azimuth World Foundation, servimos como elo de liga\u00e7\u00e3o entre indiv\u00edduos e institui\u00e7\u00f5es e as organiza\u00e7\u00f5es ind\u00edgenas que trabalham no terreno. Embora n\u00e3o nos dediquemos \u00e0 angaria\u00e7\u00e3o de fundos nem aceitemos contribui\u00e7\u00f5es financeiras, podemos ajudar a facilitar liga\u00e7\u00f5es significativas entre aqueles que querem contribuir e os nossos parceiros comunit\u00e1rios que possam beneficiar do seu conhecimento ou apoio. Acolhemos o di\u00e1logo com potenciais parceiros que partilham a nossa vis\u00e3o de um mundo onde os Povos Ind\u00edgenas exercem plenamente os seus direitos e prosperam atrav\u00e9s dos seus modos de vida tradicionais.<\/span><br \/>\n<span style=\"background-color: rgba(0, 0, 0, 0); font-size: 23px; line-height: 30px; letter-spacing: 0.3px;\" data-fusion-font=\"true\">Se gostaria de explorar formas de apoiar directamente iniciativas lideradas por comunidades ind\u00edgenas, partilhe as suas ideias atrav\u00e9s do formul\u00e1rio abaixo.<\/span><\/p>\n<\/div><\/div><\/div><\/div><\/div><div class=\"fusion-fullwidth fullwidth-box fusion-builder-row-2 fusion-flex-container has-pattern-background has-mask-background nonhundred-percent-fullwidth non-hundred-percent-height-scrolling fusion-no-medium-visibility fusion-no-large-visibility\" style=\"--awb-border-radius-top-left:0px;--awb-border-radius-top-right:0px;--awb-border-radius-bottom-right:0px;--awb-border-radius-bottom-left:0px;--awb-padding-top:160px;--awb-padding-top-small:40px;--awb-background-color:#eae9e4;--awb-flex-wrap:wrap;\" ><div class=\"fusion-builder-row fusion-row fusion-flex-align-items-flex-start fusion-flex-content-wrap\" style=\"max-width:1248px;margin-left: calc(-4% \/ 2 );margin-right: calc(-4% \/ 2 );\"><div class=\"fusion-layout-column fusion_builder_column fusion-builder-column-1 fusion_builder_column_1_1 1_1 fusion-flex-column\" style=\"--awb-bg-size:cover;--awb-width-large:100%;--awb-margin-top-large:0px;--awb-spacing-right-large:1.92%;--awb-margin-bottom-large:20px;--awb-spacing-left-large:1.92%;--awb-width-medium:100%;--awb-order-medium:0;--awb-spacing-right-medium:1.92%;--awb-spacing-left-medium:1.92%;--awb-width-small:100%;--awb-order-small:0;--awb-spacing-right-small:1.92%;--awb-spacing-left-small:1.92%;\"><div class=\"fusion-column-wrapper fusion-column-has-shadow fusion-flex-justify-content-flex-start fusion-content-layout-column\"><div class=\"fusion-title title fusion-title-2 fusion-sep-none fusion-title-text fusion-title-size-two\" style=\"--awb-text-color:var(--awb-color4);--awb-margin-bottom:5px;--awb-margin-bottom-small:0px;--awb-font-size:30px;\"><h2 class=\"fusion-title-heading title-heading-left fusion-responsive-typography-calculated\" style=\"font-family:&quot;Karbon 500&quot;;font-style:normal;font-weight:400;margin:0;font-size:1em;letter-spacing:0.3px;--fontSize:30;line-height:1.17;\">Oportunidades<\/h2><\/div><div class=\"fusion-text fusion-text-2\" style=\"--awb-font-size:23px;--awb-line-height:30px;--awb-letter-spacing:0.3px;--awb-text-font-family:&quot;NeueKabel-Regular&quot;;--awb-text-font-style:normal;--awb-text-font-weight:400;\" id=\"intro-text\"><p><span style=\"font-size: 20px; line-height: 25px;\" data-fusion-font=\"true\">De apoio jur\u00eddico pro-bono a servi\u00e7os de tradu\u00e7\u00e3o, de experi\u00eancia em sa\u00fade a consultoria ambiental, de compet\u00eancias em comunica\u00e7\u00e3o a conhecimento t\u00e9cnico, existem in\u00fameras formas de apoiar iniciativas lideradas por comunidades ind\u00edgenas. Cada compet\u00eancia e forma de conhecimento pode ter muito valor no fortalecimento das organiza\u00e7\u00f5es ind\u00edgenas e do seu importante trabalho. Na Azimuth World Foundation, servimos como elo de liga\u00e7\u00e3o entre indiv\u00edduos e institui\u00e7\u00f5es e as organiza\u00e7\u00f5es ind\u00edgenas que trabalham no terreno. Embora n\u00e3o nos dediquemos \u00e0 angaria\u00e7\u00e3o de fundos nem aceitemos contribui\u00e7\u00f5es financeiras, podemos ajudar a facilitar liga\u00e7\u00f5es significativas entre aqueles que querem contribuir e os nossos parceiros comunit\u00e1rios que possam beneficiar do seu conhecimento ou apoio. Acolhemos o di\u00e1logo com potenciais parceiros que partilham a nossa vis\u00e3o de um mundo onde os Povos Ind\u00edgenas exercem plenamente os seus direitos e prosperam atrav\u00e9s dos seus modos de vida tradicionais.<\/span><br \/>\n<span style=\"font-size: 20px; line-height: 25px;\" data-fusion-font=\"true\">Se gostaria de explorar formas de apoiar directamente iniciativas lideradas por comunidades ind\u00edgenas, partilhe as suas ideias atrav\u00e9s do formul\u00e1rio abaixo.<\/span><\/p>\n<\/div><\/div><\/div><\/div><\/div><div class=\"fusion-fullwidth fullwidth-box fusion-builder-row-3 fusion-flex-container has-pattern-background has-mask-background fusion-parallax-none nonhundred-percent-fullwidth non-hundred-percent-height-scrolling lazyload\" style=\"--awb-border-radius-top-left:0px;--awb-border-radius-top-right:0px;--awb-border-radius-bottom-right:0px;--awb-border-radius-bottom-left:0px;--awb-padding-top:80px;--awb-padding-bottom:80px;--awb-background-size:cover;--awb-flex-wrap:wrap;\" data-bg=\"https:\/\/azimuthworldfoundation.org\/wp-content\/uploads\/2024\/10\/orange-f090f902.png\" ><div class=\"fusion-builder-row fusion-row fusion-flex-align-items-flex-start fusion-flex-justify-content-center fusion-flex-content-wrap\" style=\"max-width:1248px;margin-left: calc(-4% \/ 2 );margin-right: calc(-4% \/ 2 );\"><div class=\"fusion-layout-column fusion_builder_column fusion-builder-column-2 fusion_builder_column_1_1 1_1 fusion-flex-column\" style=\"--awb-bg-size:cover;--awb-width-large:100%;--awb-margin-top-large:0px;--awb-spacing-right-large:1.92%;--awb-margin-bottom-large:20px;--awb-spacing-left-large:1.92%;--awb-width-medium:100%;--awb-order-medium:0;--awb-spacing-right-medium:1.92%;--awb-spacing-left-medium:1.92%;--awb-width-small:100%;--awb-order-small:0;--awb-spacing-right-small:1.92%;--awb-spacing-left-small:1.92%;\" data-scroll-devices=\"small-visibility,medium-visibility,large-visibility\"><div class=\"fusion-column-wrapper fusion-column-has-shadow fusion-flex-justify-content-center fusion-content-layout-row\"><div class=\"sm-text-align-left\" style=\"text-align:center;\"><a class=\"fusion-button button-flat button-medium button-custom fusion-button-default button-1 fusion-button-span-no \" style=\"--button_accent_color:var(--awb-color4);--button_border_color:var(--awb-color4);--button_accent_hover_color:var(--awb-color1);--button_border_hover_color:var(--awb-color1);--button_border_width-top:2px;--button_border_width-right:2px;--button_border_width-bottom:2px;--button_border_width-left:2px;--button-border-radius-top-left:0;--button-border-radius-top-right:0;--button-border-radius-bottom-right:0;--button-border-radius-bottom-left:0;--button_gradient_top_color:var(--awb-color1);--button_gradient_bottom_color:var(--awb-color1);--button_gradient_top_color_hover:var(--awb-color4);--button_gradient_bottom_color_hover:var(--awb-color4);--button_text_transform:uppercase;--button_typography-font-family:&quot;Karbon 500&quot;;--button_typography-font-style:normal;--button_typography-font-weight:400;\" target=\"_blank\" rel=\"noopener noreferrer\" href=\"mailto:francisco.soares@azimuthworldfoundation.org\" id=\"btn-our-hangout\"><span class=\"fusion-button-text\">ENVIE-NOS UM E-MAIL<\/span><\/a><\/div><\/div><\/div><\/div><\/div><\/p>\n","protected":false},"excerpt":{"rendered":"","protected":false},"author":1,"featured_media":0,"parent":2635,"menu_order":0,"comment_status":"closed","ping_status":"closed","template":"100-width.php","meta":{"_acf_changed":false,"footnotes":""},"class_list":["post-2643","page","type-page","status-publish","hentry"],"acf":[],"_links":{"self":[{"href":"https:\/\/azimuthworldfoundation.org\/pt-pt\/wp-json\/wp\/v2\/pages\/2643","targetHints":{"allow":["GET"]}}],"collection":[{"href":"https:\/\/azimuthworldfoundation.org\/pt-pt\/wp-json\/wp\/v2\/pages"}],"about":[{"href":"https:\/\/azimuthworldfoundation.org\/pt-pt\/wp-json\/wp\/v2\/types\/page"}],"author":[{"embeddable":true,"href":"https:\/\/azimuthworldfoundation.org\/pt-pt\/wp-json\/wp\/v2\/users\/1"}],"replies":[{"embeddable":true,"href":"https:\/\/azimuthworldfoundation.org\/pt-pt\/wp-json\/wp\/v2\/comments?post=2643"}],"version-history":[{"count":1,"href":"https:\/\/azimuthworldfoundation.org\/pt-pt\/wp-json\/wp\/v2\/pages\/2643\/revisions"}],"predecessor-version":[{"id":8826,"href":"https:\/\/azimuthworldfoundation.org\/pt-pt\/wp-json\/wp\/v2\/pages\/2643\/revisions\/8826"}],"up":[{"embeddable":true,"href":"https:\/\/azimuthworldfoundation.org\/pt-pt\/wp-json\/wp\/v2\/pages\/2635"}],"wp:attachment":[{"href":"https:\/\/azimuthworldfoundation.org\/pt-pt\/wp-json\/wp\/v2\/media?parent=2643"}],"curies":[{"name":"wp","href":"https:\/\/api.w.org\/{rel}","templated":true}]}}