{"id":2633,"date":"2024-10-28T18:05:18","date_gmt":"2024-10-28T18:05:18","guid":{"rendered":"https:\/\/azimuthworldfoundation.org\/?page_id=2633"},"modified":"2026-03-30T11:34:00","modified_gmt":"2026-03-30T11:34:00","slug":"join-us","status":"publish","type":"page","link":"https:\/\/azimuthworldfoundation.org\/pt-pt\/join-us\/","title":{"rendered":"Join Us"},"content":{"rendered":"<p><div class=\"fusion-fullwidth fullwidth-box fusion-builder-row-1 fusion-flex-container has-pattern-background has-mask-background nonhundred-percent-fullwidth non-hundred-percent-height-scrolling fusion-no-small-visibility\" style=\"--awb-background-position:center bottom;--awb-border-radius-top-left:0px;--awb-border-radius-top-right:0px;--awb-border-radius-bottom-right:0px;--awb-border-radius-bottom-left:0px;--awb-padding-top:160px;--awb-padding-bottom:5px;--awb-padding-top-small:40px;--awb-margin-bottom:0px;--awb-background-color:#eae9e4;--awb-background-size:cover;--awb-flex-wrap:wrap;\" ><div class=\"fusion-builder-row fusion-row fusion-flex-align-items-flex-start fusion-flex-content-wrap\" style=\"max-width:1248px;margin-left: calc(-4% \/ 2 );margin-right: calc(-4% \/ 2 );\"><div class=\"fusion-layout-column fusion_builder_column fusion-builder-column-0 fusion_builder_column_1_1 1_1 fusion-flex-column\" style=\"--awb-bg-size:cover;--awb-width-large:100%;--awb-margin-top-large:0px;--awb-spacing-right-large:1.92%;--awb-margin-bottom-large:20px;--awb-spacing-left-large:1.92%;--awb-width-medium:100%;--awb-order-medium:0;--awb-spacing-right-medium:1.92%;--awb-spacing-left-medium:1.92%;--awb-width-small:100%;--awb-order-small:0;--awb-spacing-right-small:1.92%;--awb-spacing-left-small:1.92%;\"><div class=\"fusion-column-wrapper fusion-column-has-shadow fusion-flex-justify-content-flex-start fusion-content-layout-column\"><div class=\"fusion-title title fusion-title-1 fusion-sep-none fusion-title-text fusion-title-size-two\" style=\"--awb-text-color:var(--awb-color4);--awb-margin-bottom:5px;--awb-font-size:35px;\"><h2 class=\"fusion-title-heading title-heading-left fusion-responsive-typography-calculated\" style=\"font-family:&quot;Karbon 500&quot;;font-style:normal;font-weight:400;margin:0;font-size:1em;letter-spacing:0.2px;--fontSize:35;line-height:1;\">Receba a nossa newsletter<\/h2><\/div><div class=\"fusion-text fusion-text-1\" style=\"--awb-font-size:25px;--awb-line-height:30px;--awb-letter-spacing:0.3px;--awb-text-font-family:&quot;NeueKabel-Regular&quot;;--awb-text-font-style:normal;--awb-text-font-weight:400;\"><p style=\"letter-spacing: 0.3px;\" data-fusion-font=\"true\">Fa\u00e7a parte da mudan\u00e7a que nasce nas comunidades ind\u00edgenas. N\u00f3s amplificamos vozes. Venha ajudar-nos a amplificar o impacto. Receba trimestralmente hist\u00f3rias de resist\u00eancia e solu\u00e7\u00f5es que est\u00e3o a transformar o mundo.<\/p>\n<\/div><\/div><\/div><\/div><\/div><div class=\"fusion-fullwidth fullwidth-box fusion-builder-row-2 fusion-flex-container has-pattern-background has-mask-background nonhundred-percent-fullwidth non-hundred-percent-height-scrolling fusion-no-medium-visibility fusion-no-large-visibility\" style=\"--awb-background-position:center bottom;--awb-border-radius-top-left:0px;--awb-border-radius-top-right:0px;--awb-border-radius-bottom-right:0px;--awb-border-radius-bottom-left:0px;--awb-padding-top:160px;--awb-padding-bottom:5px;--awb-padding-top-small:40px;--awb-margin-bottom:0px;--awb-background-color:#eae9e4;--awb-background-size:cover;--awb-flex-wrap:wrap;\" ><div class=\"fusion-builder-row fusion-row fusion-flex-align-items-flex-start fusion-flex-content-wrap\" style=\"max-width:1248px;margin-left: calc(-4% \/ 2 );margin-right: calc(-4% \/ 2 );\"><div class=\"fusion-layout-column fusion_builder_column fusion-builder-column-1 fusion_builder_column_1_1 1_1 fusion-flex-column\" style=\"--awb-bg-size:cover;--awb-width-large:100%;--awb-margin-top-large:0px;--awb-spacing-right-large:1.92%;--awb-margin-bottom-large:20px;--awb-spacing-left-large:1.92%;--awb-width-medium:100%;--awb-order-medium:0;--awb-spacing-right-medium:1.92%;--awb-spacing-left-medium:1.92%;--awb-width-small:100%;--awb-order-small:0;--awb-spacing-right-small:1.92%;--awb-spacing-left-small:1.92%;\"><div class=\"fusion-column-wrapper fusion-column-has-shadow fusion-flex-justify-content-flex-start fusion-content-layout-column\"><div class=\"fusion-title title fusion-title-2 fusion-sep-none fusion-title-text fusion-title-size-two\" style=\"--awb-text-color:var(--awb-color4);--awb-margin-bottom:5px;--awb-margin-bottom-small:5px;--awb-font-size:25px;\"><h2 class=\"fusion-title-heading title-heading-left fusion-responsive-typography-calculated\" style=\"font-family:&quot;Karbon 500&quot;;font-style:normal;font-weight:400;margin:0;font-size:1em;letter-spacing:0.2px;--fontSize:25;--minFontSize:25;line-height:0.8;\">Receba a nossa newsletter<\/h2><\/div><div class=\"fusion-text fusion-text-2\" style=\"--awb-font-size:20px;--awb-line-height:25px;--awb-letter-spacing:0.3px;--awb-text-font-family:&quot;NeueKabel-Regular&quot;;--awb-text-font-style:normal;--awb-text-font-weight:400;\"><p style=\"letter-spacing: 0.3px;\" data-fusion-font=\"true\">Fa\u00e7a parte da mudan\u00e7a que nasce nas comunidades ind\u00edgenas. N\u00f3s amplificamos vozes. Venha ajudar-nos a amplificar o impacto. Receba trimestralmente hist\u00f3rias de resist\u00eancia e solu\u00e7\u00f5es que est\u00e3o a transformar o mundo.<\/p>\n<\/div><\/div><\/div><\/div><\/div><div class=\"fusion-fullwidth fullwidth-box fusion-builder-row-3 fusion-flex-container has-pattern-background has-mask-background fusion-parallax-none nonhundred-percent-fullwidth non-hundred-percent-height-scrolling lazyload\" style=\"--awb-background-position:center top;--awb-border-radius-top-left:0px;--awb-border-radius-top-right:0px;--awb-border-radius-bottom-right:0px;--awb-border-radius-bottom-left:0px;--awb-padding-top:40px;--awb-padding-bottom:50px;--awb-background-size:cover;--awb-flex-wrap:wrap;\" data-bg=\"https:\/\/azimuthworldfoundation.org\/wp-content\/uploads\/2024\/10\/orange-f090f902.png\" ><div class=\"fusion-builder-row fusion-row fusion-flex-align-items-flex-start fusion-flex-content-wrap\" style=\"max-width:1248px;margin-left: calc(-4% \/ 2 );margin-right: calc(-4% \/ 2 );\"><div class=\"fusion-layout-column fusion_builder_column fusion-builder-column-2 fusion_builder_column_1_4 1_4 fusion-flex-column\" style=\"--awb-bg-size:cover;--awb-width-large:25%;--awb-margin-top-large:0px;--awb-spacing-right-large:7.68%;--awb-margin-bottom-large:20px;--awb-spacing-left-large:7.68%;--awb-width-medium:25%;--awb-order-medium:0;--awb-spacing-right-medium:7.68%;--awb-spacing-left-medium:7.68%;--awb-width-small:100%;--awb-order-small:0;--awb-spacing-right-small:1.92%;--awb-spacing-left-small:1.92%;\"><div class=\"fusion-column-wrapper fusion-column-has-shadow fusion-flex-justify-content-flex-start fusion-content-layout-column\"><\/div><\/div><div class=\"fusion-layout-column fusion_builder_column fusion-builder-column-3 fusion_builder_column_1_2 1_2 fusion-flex-column\" style=\"--awb-bg-size:cover;--awb-width-large:50%;--awb-margin-top-large:0px;--awb-spacing-right-large:3.84%;--awb-margin-bottom-large:20px;--awb-spacing-left-large:3.84%;--awb-width-medium:50%;--awb-order-medium:0;--awb-spacing-right-medium:3.84%;--awb-spacing-left-medium:3.84%;--awb-width-small:100%;--awb-order-small:0;--awb-spacing-right-small:1.92%;--awb-spacing-left-small:1.92%;\"><div class=\"fusion-column-wrapper fusion-column-has-shadow fusion-flex-justify-content-flex-start fusion-content-layout-column\"><div class=\"fusion-title title fusion-title-3 fusion-sep-none fusion-title-center fusion-title-text fusion-title-size-one\" style=\"--awb-text-color:var(--awb-color1);--awb-margin-bottom:0px;--awb-font-size:42px;\"><h1 class=\"fusion-title-heading title-heading-center fusion-responsive-typography-calculated\" style=\"font-family:&quot;NeueKabel-Black&quot;;font-style:normal;font-weight:400;margin:0;font-size:1em;letter-spacing:0.2px;--fontSize:42;line-height:1.07;\">Junta-te ao movimento<\/h1><\/div><div class=\"fusion-title title fusion-title-4 fusion-sep-none fusion-title-text fusion-title-size-three\" style=\"--awb-text-color:#000000;--awb-font-size:25px;\"><h3 class=\"fusion-title-heading title-heading-left fusion-responsive-typography-calculated\" style=\"font-family:&quot;Karbon 500&quot;;font-style:normal;font-weight:400;margin:0;font-size:1em;letter-spacing:0.2px;--fontSize:25;--minFontSize:25;line-height:var(--awb-typography1-line-height);\">Subscreva a nossa newsletter e fa\u00e7a parte da mudan\u00e7a que nasce das comunidades ind\u00edgenas. N\u00f3s amplificamos as vozes \u2014 ajude-nos a ampliar o impacto.<\/h3><\/div><div id=\"mc_embed_shell\">\n    <script src=\"https:\/\/www.google.com\/recaptcha\/api.js?render=6LedG54sAAAAAAy5YG60Kmqf_bXLZNa4wU6liK0C\"><\/script>\n\n    <div id=\"mc_embed_signup\">\n        <form action=\"https:\/\/azimuthworldfoundation.us9.list-manage.com\/subscribe\/post?u=ae3f257f45d60a95346d2fcdd&id=99281cf97c&f_id=00d4d5e3f0\" method=\"post\" id=\"mc-embedded-subscribe-form\" name=\"mc-embedded-subscribe-form\" class=\"validate\" target=\"_self\" novalidate=\"\">\n            <div id=\"mc_embed_signup_scroll\">\n                <h2>Subscreva a nossa newsletter<\/h2>\n                <div class=\"indicates-required\"><span class=\"asterisk\">*<\/span> indica preenchimento obrigat\u00f3rio<\/div>\n                \n                <div class=\"mc-field-group\">\n                    <label for=\"mce-EMAIL\">Endere\u00e7o de Email <span class=\"asterisk\">*<\/span><\/label>\n                    <input type=\"email\" name=\"EMAIL\" class=\"required email\" id=\"mce-EMAIL\" required=\"\" value=\"\">\n                <\/div>\n                <div class=\"mc-field-group\">\n                    <label for=\"mce-FNAME\">Primeiro nome <span class=\"asterisk\">*<\/span><\/label>\n                    <input type=\"text\" name=\"FNAME\" class=\"required text\" id=\"mce-FNAME\" required=\"\" value=\"\">\n                <\/div>\n                <div class=\"mc-field-group\">\n                    <label for=\"mce-LNAME\">Apelido <span class=\"asterisk\">*<\/span><\/label>\n                    <input type=\"text\" name=\"LNAME\" class=\"required text\" id=\"mce-LNAME\" required=\"\" value=\"\">\n                <\/div>\n                <div class=\"mc-field-group\">\n                    <label for=\"mce-MMERGE7\">Pa\u00eds <span class=\"asterisk\">*<\/span><\/label>\n                    <input type=\"text\" name=\"MMERGE7\" class=\"required text\" id=\"mce-MMERGE7\" required=\"\" value=\"\">\n                <\/div>\n\n                <div id=\"mce-responses\" class=\"clear\">\n                    <div class=\"response\" id=\"mce-error-response\" style=\"display: none;\"><\/div>\n                    <div class=\"response\" id=\"mce-success-response\" style=\"display: none;\"><\/div>\n                <\/div>\n                <br>\n                \n                <div aria-hidden=\"true\" style=\"position: absolute; left: -5000px;\">\n                    <input type=\"text\" name=\"b_ae3f257f45d60a95346d2fcdd_99281cf97c\" tabindex=\"-1\" value=\"\">\n                <\/div>\n\n                <div class=\"clear\">\n                    <input type=\"submit\" name=\"subscribe\" id=\"mc-embedded-subscribe\" class=\"button\" value=\"Subscrever\">\n                <\/div>\n            <\/div>\n        <\/form>\n    <\/div>\n<\/div>\n\n<script>\n    document.getElementById('mc-embedded-subscribe-form').addEventListener('submit', function(e) {\n        var form = this;\n\n        \/\/ Se os campos obrigat\u00f3rios n\u00e3o estiverem preenchidos, para aqui para o browser mostrar o erro\n        if (!form.checkValidity()) {\n            return; \n        }\n\n        e.preventDefault(); \/\/ Trava o envio para validar o reCAPTCHA\n\n        grecaptcha.ready(function() {\n            grecaptcha.execute('6LedG54sAAAAAAy5YG60Kmqf_bXLZNa4wU6liK0C', {action: 'subscribe'}).then(function(token) {\n                \/\/ Insere o token gerado no formul\u00e1rio\n                var inputToken = document.createElement('input');\n                inputToken.type = 'hidden';\n                inputToken.name = 'g-recaptcha-response';\n                inputToken.value = token;\n                form.appendChild(inputToken);\n\n                \/\/ Agora sim, envia os dados para o Mailchimp\n                form.submit();\n            });\n        });\n    });\n<\/script><div class=\"fusion-title title fusion-title-5 fusion-sep-none fusion-title-text fusion-title-size-three\" style=\"--awb-text-color:#000000;--awb-font-size:20px;\"><h3 class=\"fusion-title-heading title-heading-left fusion-responsive-typography-calculated\" style=\"font-family:&quot;Karbon 500&quot;;font-style:normal;font-weight:400;margin:0;font-size:1em;letter-spacing:0.2px;--fontSize:20;--minFontSize:20;line-height:var(--awb-typography1-line-height);\">Ao subscrever, concorda em receber a nossa newsletter.<\/h3><\/div><div class=\"fusion-title title fusion-title-6 fusion-sep-none fusion-title-text fusion-title-size-three\" style=\"--awb-text-color:#000000;--awb-font-size:15px;\"><h3 class=\"fusion-title-heading title-heading-left fusion-responsive-typography-calculated\" style=\"font-family:&quot;Karbon 500&quot;;font-style:normal;font-weight:400;margin:0;font-size:1em;letter-spacing:0.2px;--fontSize:15;--minFontSize:15;line-height:var(--awb-typography1-line-height);\">A Azimuth World Foundation \u00e9 uma organiza\u00e7\u00e3o n\u00e3o-governamental sem fins lucrativos, conforme descrito no C\u00f3digo de Receita Interna dos EUA, sec\u00e7\u00e3o 501(C)(3), P. O. Box 2095, Bismarck, Dakota do Norte, 58502, EUA.<\/h3><\/div><\/div><\/div><div class=\"fusion-layout-column fusion_builder_column fusion-builder-column-4 fusion_builder_column_1_4 1_4 fusion-flex-column\" style=\"--awb-bg-size:cover;--awb-width-large:25%;--awb-margin-top-large:0px;--awb-spacing-right-large:7.68%;--awb-margin-bottom-large:20px;--awb-spacing-left-large:7.68%;--awb-width-medium:25%;--awb-order-medium:0;--awb-spacing-right-medium:7.68%;--awb-spacing-left-medium:7.68%;--awb-width-small:100%;--awb-order-small:0;--awb-spacing-right-small:1.92%;--awb-spacing-left-small:1.92%;\"><div class=\"fusion-column-wrapper fusion-column-has-shadow fusion-flex-justify-content-flex-start fusion-content-layout-column\"><\/div><\/div><\/div><\/div><\/p>\n","protected":false},"excerpt":{"rendered":"","protected":false},"author":1,"featured_media":0,"parent":0,"menu_order":0,"comment_status":"closed","ping_status":"closed","template":"100-width.php","meta":{"_acf_changed":false,"footnotes":""},"class_list":["post-2633","page","type-page","status-publish","hentry"],"acf":[],"_links":{"self":[{"href":"https:\/\/azimuthworldfoundation.org\/pt-pt\/wp-json\/wp\/v2\/pages\/2633","targetHints":{"allow":["GET"]}}],"collection":[{"href":"https:\/\/azimuthworldfoundation.org\/pt-pt\/wp-json\/wp\/v2\/pages"}],"about":[{"href":"https:\/\/azimuthworldfoundation.org\/pt-pt\/wp-json\/wp\/v2\/types\/page"}],"author":[{"embeddable":true,"href":"https:\/\/azimuthworldfoundation.org\/pt-pt\/wp-json\/wp\/v2\/users\/1"}],"replies":[{"embeddable":true,"href":"https:\/\/azimuthworldfoundation.org\/pt-pt\/wp-json\/wp\/v2\/comments?post=2633"}],"version-history":[{"count":6,"href":"https:\/\/azimuthworldfoundation.org\/pt-pt\/wp-json\/wp\/v2\/pages\/2633\/revisions"}],"predecessor-version":[{"id":8835,"href":"https:\/\/azimuthworldfoundation.org\/pt-pt\/wp-json\/wp\/v2\/pages\/2633\/revisions\/8835"}],"wp:attachment":[{"href":"https:\/\/azimuthworldfoundation.org\/pt-pt\/wp-json\/wp\/v2\/media?parent=2633"}],"curies":[{"name":"wp","href":"https:\/\/api.w.org\/{rel}","templated":true}]}}