{"id":2628,"date":"2024-10-25T08:49:51","date_gmt":"2024-10-25T08:49:51","guid":{"rendered":"https:\/\/azimuthworldfoundation.org\/?page_id=2628"},"modified":"2025-08-27T14:48:49","modified_gmt":"2025-08-27T14:48:49","slug":"ambiente-territorios","status":"publish","type":"page","link":"https:\/\/azimuthworldfoundation.org\/pt-pt\/sobre\/ambiente-territorios\/","title":{"rendered":"Ambiente &#038; Territ\u00f3rios"},"content":{"rendered":"<p><div class=\"fusion-fullwidth fullwidth-box fusion-builder-row-1 fusion-flex-container has-pattern-background has-mask-background nonhundred-percent-fullwidth non-hundred-percent-height-scrolling fusion-no-small-visibility\" style=\"--awb-border-radius-top-left:0px;--awb-border-radius-top-right:0px;--awb-border-radius-bottom-right:0px;--awb-border-radius-bottom-left:0px;--awb-padding-top:160px;--awb-padding-top-small:40px;--awb-background-color:#065d62;--awb-flex-wrap:wrap;\" ><div class=\"fusion-builder-row fusion-row fusion-flex-align-items-flex-start fusion-flex-content-wrap\" style=\"max-width:1248px;margin-left: calc(-4% \/ 2 );margin-right: calc(-4% \/ 2 );\"><div class=\"fusion-layout-column fusion_builder_column fusion-builder-column-0 fusion_builder_column_1_2 1_2 fusion-flex-column\" style=\"--awb-bg-size:cover;--awb-width-large:50%;--awb-margin-top-large:0px;--awb-spacing-right-large:3.84%;--awb-margin-bottom-large:20px;--awb-spacing-left-large:3.84%;--awb-width-medium:50%;--awb-order-medium:0;--awb-spacing-right-medium:3.84%;--awb-spacing-left-medium:3.84%;--awb-width-small:100%;--awb-order-small:0;--awb-spacing-right-small:1.92%;--awb-spacing-left-small:1.92%;\"><div class=\"fusion-column-wrapper fusion-column-has-shadow fusion-flex-justify-content-flex-start fusion-content-layout-column\"><div class=\"fusion-title title fusion-title-1 fusion-sep-none fusion-title-text fusion-title-size-three\" style=\"--awb-text-color:var(--awb-color1);--awb-font-size:35px;\"><h3 class=\"fusion-title-heading title-heading-left fusion-responsive-typography-calculated\" style=\"font-family:&quot;Karbon 500&quot;;font-style:normal;font-weight:400;margin:0;font-size:1em;letter-spacing:0.3px;--fontSize:35;line-height:1.14;\">Sobre &gt; Pilares<\/h3><\/div><div class=\"fusion-title title fusion-title-2 fusion-sep-none fusion-title-text fusion-title-size-one\" style=\"--awb-text-color:var(--awb-color1);--awb-font-size:35px;\"><h1 class=\"fusion-title-heading title-heading-left fusion-responsive-typography-calculated\" style=\"font-family:&quot;Karbon 500&quot;;font-style:normal;font-weight:400;margin:0;font-size:1em;letter-spacing:0.3px;text-transform:uppercase;--fontSize:35;line-height:1.14;\">Ambiente &amp; Territ\u00f3rios<\/h1><\/div><div class=\"fusion-text fusion-text-1\" style=\"--awb-font-size:25px;--awb-line-height:30px;--awb-letter-spacing:0.3px;--awb-text-color:var(--awb-color1);--awb-text-font-family:&quot;Karbon 500&quot;;--awb-text-font-style:normal;--awb-text-font-weight:400;\"><p><strong>Um ambiente saud\u00e1vel \u00e9 um direito humano fundamental, essencial para o exerc\u00edcio de todos os outros direitos. H\u00e1 mil\u00e9nios que os Povos Ind\u00edgenas t\u00eam vindo a administrar os seus territ\u00f3rios, cultivando a biodiversidade e mantendo as delicadas rela\u00e7\u00f5es que sustentam toda a vida.<\/strong><\/p>\n<\/div><\/div><\/div><div class=\"fusion-layout-column fusion_builder_column fusion-builder-column-1 fusion_builder_column_1_2 1_2 fusion-flex-column\" style=\"--awb-bg-size:cover;--awb-width-large:50%;--awb-margin-top-large:0px;--awb-spacing-right-large:3.84%;--awb-margin-bottom-large:20px;--awb-spacing-left-large:3.84%;--awb-width-medium:50%;--awb-order-medium:0;--awb-spacing-right-medium:3.84%;--awb-spacing-left-medium:3.84%;--awb-width-small:100%;--awb-order-small:0;--awb-spacing-right-small:1.92%;--awb-spacing-left-small:1.92%;\"><div class=\"fusion-column-wrapper fusion-column-has-shadow fusion-flex-justify-content-flex-start fusion-content-layout-column\"><div class=\"fusion-image-element \" style=\"--awb-caption-title-font-family:var(--h2_typography-font-family);--awb-caption-title-font-weight:var(--h2_typography-font-weight);--awb-caption-title-font-style:var(--h2_typography-font-style);--awb-caption-title-size:var(--h2_typography-font-size);--awb-caption-title-transform:var(--h2_typography-text-transform);--awb-caption-title-line-height:var(--h2_typography-line-height);--awb-caption-title-letter-spacing:var(--h2_typography-letter-spacing);\"><span class=\" fusion-imageframe imageframe-none imageframe-1 hover-type-none\"><img decoding=\"async\" width=\"1661\" height=\"1473\" title=\"Pilar_Nature_\" src=\"https:\/\/azimuthworldfoundation.org\/wp-content\/uploads\/2024\/12\/Pilar_Nature_.png\" data-orig-src=\"https:\/\/azimuthworldfoundation.org\/wp-content\/uploads\/2024\/12\/Pilar_Nature_.png\" alt class=\"lazyload img-responsive wp-image-2616\" srcset=\"data:image\/svg+xml,%3Csvg%20xmlns%3D%27http%3A%2F%2Fwww.w3.org%2F2000%2Fsvg%27%20width%3D%271661%27%20height%3D%271473%27%20viewBox%3D%270%200%201661%201473%27%3E%3Crect%20width%3D%271661%27%20height%3D%271473%27%20fill-opacity%3D%220%22%2F%3E%3C%2Fsvg%3E\" data-srcset=\"https:\/\/azimuthworldfoundation.org\/wp-content\/uploads\/2024\/12\/Pilar_Nature_-200x177.png 200w, https:\/\/azimuthworldfoundation.org\/wp-content\/uploads\/2024\/12\/Pilar_Nature_-400x355.png 400w, https:\/\/azimuthworldfoundation.org\/wp-content\/uploads\/2024\/12\/Pilar_Nature_-600x532.png 600w, https:\/\/azimuthworldfoundation.org\/wp-content\/uploads\/2024\/12\/Pilar_Nature_-800x709.png 800w, https:\/\/azimuthworldfoundation.org\/wp-content\/uploads\/2024\/12\/Pilar_Nature_-1200x1064.png 1200w, https:\/\/azimuthworldfoundation.org\/wp-content\/uploads\/2024\/12\/Pilar_Nature_.png 1661w\" data-sizes=\"auto\" data-orig-sizes=\"(max-width: 640px) 100vw, 600px\" \/><\/span><\/div><\/div><\/div><\/div><\/div><div class=\"fusion-fullwidth fullwidth-box fusion-builder-row-2 fusion-flex-container has-pattern-background has-mask-background nonhundred-percent-fullwidth non-hundred-percent-height-scrolling fusion-no-medium-visibility fusion-no-large-visibility\" style=\"--awb-border-radius-top-left:0px;--awb-border-radius-top-right:0px;--awb-border-radius-bottom-right:0px;--awb-border-radius-bottom-left:0px;--awb-padding-top:160px;--awb-padding-top-small:40px;--awb-background-color:#065d62;--awb-flex-wrap:wrap;\" ><div class=\"fusion-builder-row fusion-row fusion-flex-align-items-flex-start fusion-flex-content-wrap\" style=\"max-width:1248px;margin-left: calc(-4% \/ 2 );margin-right: calc(-4% \/ 2 );\"><div class=\"fusion-layout-column fusion_builder_column fusion-builder-column-2 fusion_builder_column_1_2 1_2 fusion-flex-column\" style=\"--awb-bg-size:cover;--awb-width-large:50%;--awb-margin-top-large:0px;--awb-spacing-right-large:3.84%;--awb-margin-bottom-large:20px;--awb-spacing-left-large:3.84%;--awb-width-medium:50%;--awb-order-medium:0;--awb-spacing-right-medium:3.84%;--awb-spacing-left-medium:3.84%;--awb-width-small:100%;--awb-order-small:0;--awb-spacing-right-small:1.92%;--awb-spacing-left-small:1.92%;\"><div class=\"fusion-column-wrapper fusion-column-has-shadow fusion-flex-justify-content-flex-start fusion-content-layout-column\"><div class=\"fusion-title title fusion-title-3 fusion-sep-none fusion-title-text fusion-title-size-three\" style=\"--awb-text-color:var(--awb-color1);--awb-font-size:35px;\"><h3 class=\"fusion-title-heading title-heading-left fusion-responsive-typography-calculated\" style=\"font-family:&quot;Karbon 500&quot;;font-style:normal;font-weight:400;margin:0;font-size:1em;letter-spacing:0.3px;--fontSize:35;line-height:1.14;\">Sobre &gt; Pilares<\/h3><\/div><div class=\"fusion-title title fusion-title-4 fusion-sep-none fusion-title-text fusion-title-size-one\" style=\"--awb-text-color:var(--awb-color1);--awb-font-size:35px;\"><h1 class=\"fusion-title-heading title-heading-left fusion-responsive-typography-calculated\" style=\"font-family:&quot;Karbon 500&quot;;font-style:normal;font-weight:400;margin:0;font-size:1em;letter-spacing:0.3px;text-transform:uppercase;--fontSize:35;line-height:1.14;\">Ambiente &amp; Territ\u00f3rios<\/h1><\/div><div class=\"fusion-text fusion-text-2\" style=\"--awb-font-size:20px;--awb-line-height:23px;--awb-letter-spacing:0.3px;--awb-text-color:var(--awb-color1);--awb-text-font-family:&quot;Karbon 500&quot;;--awb-text-font-style:normal;--awb-text-font-weight:400;\"><p>Um ambiente saud\u00e1vel \u00e9 um direito humano fundamental, essencial para o exerc\u00edcio de todos os outros direitos. H\u00e1 mil\u00e9nios que os Povos Ind\u00edgenas t\u00eam vindo a administrar os seus territ\u00f3rios, cultivando a biodiversidade e mantendo as delicadas rela\u00e7\u00f5es que sustentam toda a vida.<\/p>\n<\/div><\/div><\/div><div class=\"fusion-layout-column fusion_builder_column fusion-builder-column-3 fusion_builder_column_1_2 1_2 fusion-flex-column\" style=\"--awb-bg-size:cover;--awb-width-large:50%;--awb-margin-top-large:0px;--awb-spacing-right-large:3.84%;--awb-margin-bottom-large:20px;--awb-spacing-left-large:3.84%;--awb-width-medium:50%;--awb-order-medium:0;--awb-spacing-right-medium:3.84%;--awb-spacing-left-medium:3.84%;--awb-width-small:100%;--awb-order-small:0;--awb-spacing-right-small:1.92%;--awb-spacing-left-small:1.92%;\"><div class=\"fusion-column-wrapper fusion-column-has-shadow fusion-flex-justify-content-flex-start fusion-content-layout-column\"><div class=\"fusion-image-element \" style=\"--awb-caption-title-font-family:var(--h2_typography-font-family);--awb-caption-title-font-weight:var(--h2_typography-font-weight);--awb-caption-title-font-style:var(--h2_typography-font-style);--awb-caption-title-size:var(--h2_typography-font-size);--awb-caption-title-transform:var(--h2_typography-text-transform);--awb-caption-title-line-height:var(--h2_typography-line-height);--awb-caption-title-letter-spacing:var(--h2_typography-letter-spacing);\"><span class=\" fusion-imageframe imageframe-none imageframe-2 hover-type-none\"><img decoding=\"async\" width=\"1661\" height=\"1473\" title=\"Pilar_Nature_\" src=\"https:\/\/azimuthworldfoundation.org\/wp-content\/uploads\/2024\/12\/Pilar_Nature_.png\" data-orig-src=\"https:\/\/azimuthworldfoundation.org\/wp-content\/uploads\/2024\/12\/Pilar_Nature_.png\" alt class=\"lazyload img-responsive wp-image-2616\" srcset=\"data:image\/svg+xml,%3Csvg%20xmlns%3D%27http%3A%2F%2Fwww.w3.org%2F2000%2Fsvg%27%20width%3D%271661%27%20height%3D%271473%27%20viewBox%3D%270%200%201661%201473%27%3E%3Crect%20width%3D%271661%27%20height%3D%271473%27%20fill-opacity%3D%220%22%2F%3E%3C%2Fsvg%3E\" data-srcset=\"https:\/\/azimuthworldfoundation.org\/wp-content\/uploads\/2024\/12\/Pilar_Nature_-200x177.png 200w, https:\/\/azimuthworldfoundation.org\/wp-content\/uploads\/2024\/12\/Pilar_Nature_-400x355.png 400w, https:\/\/azimuthworldfoundation.org\/wp-content\/uploads\/2024\/12\/Pilar_Nature_-600x532.png 600w, https:\/\/azimuthworldfoundation.org\/wp-content\/uploads\/2024\/12\/Pilar_Nature_-800x709.png 800w, https:\/\/azimuthworldfoundation.org\/wp-content\/uploads\/2024\/12\/Pilar_Nature_-1200x1064.png 1200w, https:\/\/azimuthworldfoundation.org\/wp-content\/uploads\/2024\/12\/Pilar_Nature_.png 1661w\" data-sizes=\"auto\" data-orig-sizes=\"(max-width: 640px) 100vw, 600px\" \/><\/span><\/div><\/div><\/div><\/div><\/div><div class=\"fusion-fullwidth fullwidth-box fusion-builder-row-3 fusion-flex-container has-pattern-background has-mask-background nonhundred-percent-fullwidth non-hundred-percent-height-scrolling fusion-no-small-visibility\" style=\"--awb-border-radius-top-left:0px;--awb-border-radius-top-right:0px;--awb-border-radius-bottom-right:0px;--awb-border-radius-bottom-left:0px;--awb-padding-top:80px;--awb-padding-bottom:80px;--awb-flex-wrap:wrap;\" ><div class=\"fusion-builder-row fusion-row fusion-flex-align-items-flex-start fusion-flex-justify-content-center fusion-flex-content-wrap\" style=\"max-width:1248px;margin-left: calc(-4% \/ 2 );margin-right: calc(-4% \/ 2 );\"><div class=\"fusion-layout-column fusion_builder_column fusion-builder-column-4 fusion_builder_column_4_5 4_5 fusion-flex-column\" style=\"--awb-bg-size:cover;--awb-width-large:80%;--awb-margin-top-large:0px;--awb-spacing-right-large:2.4%;--awb-margin-bottom-large:20px;--awb-spacing-left-large:2.4%;--awb-width-medium:80%;--awb-order-medium:0;--awb-spacing-right-medium:2.4%;--awb-spacing-left-medium:2.4%;--awb-width-small:100%;--awb-order-small:0;--awb-spacing-right-small:1.92%;--awb-spacing-left-small:1.92%;\"><div class=\"fusion-column-wrapper fusion-column-has-shadow fusion-flex-justify-content-flex-start fusion-content-layout-column\"><div class=\"fusion-text fusion-text-3\" style=\"--awb-font-size:23px;--awb-line-height:33px;--awb-letter-spacing:0.3px;\"><p>Os territ\u00f3rios ind\u00edgenas n\u00e3o parecem parques, parecem paisagens moldadas por milhares de decis\u00f5es: florestas com clareiras onde os fogos foram ateados e controlados, zonas h\u00famidas que inundam e recuam segundo padr\u00f5es que as pessoas aprenderam a ler, pradarias onde certas plantas prosperam porque uma av\u00f3 sabia que sementes espalhar e quando. Nada disto \u00e9 por acaso. \u00c9 sim o resultado de milhares de anos de aten\u00e7\u00e3o \u00e0 forma como a vida se sustenta. Apoiamos iniciativas lideradas por comunidades ind\u00edgenas que defendem estes territ\u00f3rios de minera\u00e7\u00e3o, madeireiras ilegais e projectos de conserva\u00e7\u00e3o que excluem as pessoas que criaram as paisagens que dizem proteger. Os nossos parceiros sabem que batalhas travar nos tribunais, que coliga\u00e7\u00f5es construir, que pr\u00e1ticas tradicionais documentar antes que desapare\u00e7am.<\/p>\n<p>Quando as comunidades ind\u00edgenas conseguem o reconhecimento legal dos seus territ\u00f3rios, n\u00e3o est\u00e3o s\u00f3 a proteger \u00e1rvores e rios; est\u00e3o a preservar sistemas de tomada de decis\u00e3o que permitiram abund\u00e2ncia nestes lugares durante gera\u00e7\u00f5es; est\u00e3o a manter vivas l\u00ednguas que encerram conhecimento ecol\u00f3gico; est\u00e3o a manter vivas formas de ver a terra que as sociedades industriais s\u00f3 agora come\u00e7aram a perceber.<\/p>\n<p>Este trabalho n\u00e3o apenas a biodiversidade, protege tamb\u00e9m possibilidades, formas de viver de quem sabe como cuidar dos lugares em vez de apenas como extrair deles.<\/p>\n<\/div><\/div><\/div><\/div><\/div><div class=\"fusion-fullwidth fullwidth-box fusion-builder-row-4 fusion-flex-container has-pattern-background has-mask-background nonhundred-percent-fullwidth non-hundred-percent-height-scrolling fusion-no-medium-visibility fusion-no-large-visibility\" style=\"--awb-border-radius-top-left:0px;--awb-border-radius-top-right:0px;--awb-border-radius-bottom-right:0px;--awb-border-radius-bottom-left:0px;--awb-padding-top:80px;--awb-padding-bottom:80px;--awb-padding-top-small:55px;--awb-padding-bottom-small:20px;--awb-flex-wrap:wrap;\" ><div class=\"fusion-builder-row fusion-row fusion-flex-align-items-flex-start fusion-flex-justify-content-center fusion-flex-content-wrap\" style=\"max-width:1248px;margin-left: calc(-4% \/ 2 );margin-right: calc(-4% \/ 2 );\"><div class=\"fusion-layout-column fusion_builder_column fusion-builder-column-5 fusion_builder_column_4_5 4_5 fusion-flex-column\" style=\"--awb-bg-size:cover;--awb-width-large:80%;--awb-margin-top-large:0px;--awb-spacing-right-large:2.4%;--awb-margin-bottom-large:20px;--awb-spacing-left-large:2.4%;--awb-width-medium:80%;--awb-order-medium:0;--awb-spacing-right-medium:2.4%;--awb-spacing-left-medium:2.4%;--awb-width-small:100%;--awb-order-small:0;--awb-spacing-right-small:1.92%;--awb-spacing-left-small:1.92%;\"><div class=\"fusion-column-wrapper fusion-column-has-shadow fusion-flex-justify-content-flex-start fusion-content-layout-column\"><div class=\"fusion-text fusion-text-4\" style=\"--awb-font-size:20px;--awb-line-height:25px;--awb-letter-spacing:0.3px;\"><p><span style=\"background-color: rgba(0, 0, 0, 0); letter-spacing: 0.3px;\">Os territ\u00f3rios ind\u00edgenas n\u00e3o parecem parques, parecem paisagens moldadas por milhares de decis\u00f5es: florestas com clareiras onde os fogos foram ateados e controlados, zonas h\u00famidas que inundam e recuam segundo padr\u00f5es que as pessoas aprenderam a ler, pradarias onde certas plantas prosperam porque uma av\u00f3 sabia que sementes espalhar e quando. Nada disto \u00e9 por acaso. \u00c9 sim o resultado de milhares de anos de aten\u00e7\u00e3o \u00e0 forma como a vida se sustenta. Apoiamos iniciativas lideradas por comunidades ind\u00edgenas que defendem estes territ\u00f3rios de minera\u00e7\u00e3o, madeireiras ilegais e projectos de conserva\u00e7\u00e3o que excluem as pessoas que criaram as paisagens que dizem proteger. Os nossos parceiros sabem que batalhas travar nos tribunais, que coliga\u00e7\u00f5es construir, que pr\u00e1ticas tradicionais documentar antes que desapare\u00e7am.<\/span><\/p>\n<p>Quando as comunidades ind\u00edgenas conseguem o reconhecimento legal dos seus territ\u00f3rios, n\u00e3o est\u00e3o s\u00f3 a proteger \u00e1rvores e rios; est\u00e3o a preservar sistemas de tomada de decis\u00e3o que permitiram abund\u00e2ncia nestes lugares durante gera\u00e7\u00f5es; est\u00e3o a manter vivas l\u00ednguas que encerram conhecimento ecol\u00f3gico; est\u00e3o a manter vivas formas de ver a terra que as sociedades industriais s\u00f3 agora come\u00e7aram a perceber.<\/p>\n<p>Este trabalho n\u00e3o apenas a biodiversidade, protege tamb\u00e9m possibilidades, formas de viver de quem sabe como cuidar dos lugares em vez de apenas como extrair deles.<\/p>\n<\/div><\/div><\/div><\/div><\/div><\/p>\n","protected":false},"excerpt":{"rendered":"","protected":false},"author":1,"featured_media":0,"parent":2619,"menu_order":0,"comment_status":"closed","ping_status":"closed","template":"100-width.php","meta":{"_acf_changed":false,"footnotes":""},"class_list":["post-2628","page","type-page","status-publish","hentry"],"acf":[],"_links":{"self":[{"href":"https:\/\/azimuthworldfoundation.org\/pt-pt\/wp-json\/wp\/v2\/pages\/2628","targetHints":{"allow":["GET"]}}],"collection":[{"href":"https:\/\/azimuthworldfoundation.org\/pt-pt\/wp-json\/wp\/v2\/pages"}],"about":[{"href":"https:\/\/azimuthworldfoundation.org\/pt-pt\/wp-json\/wp\/v2\/types\/page"}],"author":[{"embeddable":true,"href":"https:\/\/azimuthworldfoundation.org\/pt-pt\/wp-json\/wp\/v2\/users\/1"}],"replies":[{"embeddable":true,"href":"https:\/\/azimuthworldfoundation.org\/pt-pt\/wp-json\/wp\/v2\/comments?post=2628"}],"version-history":[{"count":0,"href":"https:\/\/azimuthworldfoundation.org\/pt-pt\/wp-json\/wp\/v2\/pages\/2628\/revisions"}],"up":[{"embeddable":true,"href":"https:\/\/azimuthworldfoundation.org\/pt-pt\/wp-json\/wp\/v2\/pages\/2619"}],"wp:attachment":[{"href":"https:\/\/azimuthworldfoundation.org\/pt-pt\/wp-json\/wp\/v2\/media?parent=2628"}],"curies":[{"name":"wp","href":"https:\/\/api.w.org\/{rel}","templated":true}]}}