{"id":2621,"date":"2024-10-25T08:49:21","date_gmt":"2024-10-25T08:49:21","guid":{"rendered":"https:\/\/azimuthworldfoundation.org\/?page_id=2621"},"modified":"2025-08-27T14:47:47","modified_gmt":"2025-08-27T14:47:47","slug":"public-health","status":"publish","type":"page","link":"https:\/\/azimuthworldfoundation.org\/pt-pt\/sobre\/public-health\/","title":{"rendered":"Sa\u00fade &#038; Cura Tradicional"},"content":{"rendered":"<p><div class=\"fusion-fullwidth fullwidth-box fusion-builder-row-1 fusion-flex-container has-pattern-background has-mask-background nonhundred-percent-fullwidth non-hundred-percent-height-scrolling fusion-no-small-visibility\" style=\"--awb-border-radius-top-left:0px;--awb-border-radius-top-right:0px;--awb-border-radius-bottom-right:0px;--awb-border-radius-bottom-left:0px;--awb-padding-top:160px;--awb-padding-top-small:40px;--awb-background-color:#fcb43c;--awb-flex-wrap:wrap;\" ><div class=\"fusion-builder-row fusion-row fusion-flex-align-items-flex-start fusion-flex-content-wrap\" style=\"max-width:1248px;margin-left: calc(-4% \/ 2 );margin-right: calc(-4% \/ 2 );\"><div class=\"fusion-layout-column fusion_builder_column fusion-builder-column-0 fusion_builder_column_1_2 1_2 fusion-flex-column\" style=\"--awb-bg-size:cover;--awb-width-large:50%;--awb-margin-top-large:0px;--awb-spacing-right-large:3.84%;--awb-margin-bottom-large:20px;--awb-spacing-left-large:3.84%;--awb-width-medium:50%;--awb-order-medium:0;--awb-spacing-right-medium:3.84%;--awb-spacing-left-medium:3.84%;--awb-width-small:100%;--awb-order-small:0;--awb-spacing-right-small:1.92%;--awb-spacing-left-small:1.92%;\"><div class=\"fusion-column-wrapper fusion-column-has-shadow fusion-flex-justify-content-flex-start fusion-content-layout-column\"><div class=\"fusion-title title fusion-title-1 fusion-sep-none fusion-title-text fusion-title-size-three\" style=\"--awb-text-color:var(--awb-color1);--awb-font-size:35px;\"><h3 class=\"fusion-title-heading title-heading-left fusion-responsive-typography-calculated\" style=\"font-family:&quot;Karbon 500&quot;;font-style:normal;font-weight:400;margin:0;font-size:1em;letter-spacing:0.3px;--fontSize:35;line-height:1.14;\">Sobre &gt; Pilares<\/h3><\/div><div class=\"fusion-title title fusion-title-2 fusion-sep-none fusion-title-text fusion-title-size-one\" style=\"--awb-text-color:var(--awb-color1);--awb-font-size:35px;\"><h1 class=\"fusion-title-heading title-heading-left fusion-responsive-typography-calculated\" style=\"font-family:&quot;Karbon 500&quot;;font-style:normal;font-weight:400;margin:0;font-size:1em;letter-spacing:0.3px;text-transform:uppercase;--fontSize:35;line-height:1.14;\">Sa\u00fade &amp; Cura Tradicional<\/h1><\/div><div class=\"fusion-text fusion-text-1\" style=\"--awb-font-size:25px;--awb-line-height:30px;--awb-letter-spacing:0.3px;--awb-text-color:var(--awb-color1);--awb-text-font-family:&quot;Karbon 500&quot;;--awb-text-font-style:normal;--awb-text-font-weight:400;\"><p>A sa\u00fade \u00e9 um direito humano fundamental, essencial \u00e0 dignidade e a base de todos os outros direitos.<\/p>\n<\/div><\/div><\/div><div class=\"fusion-layout-column fusion_builder_column fusion-builder-column-1 fusion_builder_column_1_2 1_2 fusion-flex-column\" style=\"--awb-bg-size:cover;--awb-width-large:50%;--awb-margin-top-large:0px;--awb-spacing-right-large:3.84%;--awb-margin-bottom-large:20px;--awb-spacing-left-large:3.84%;--awb-width-medium:50%;--awb-order-medium:0;--awb-spacing-right-medium:3.84%;--awb-spacing-left-medium:3.84%;--awb-width-small:100%;--awb-order-small:0;--awb-spacing-right-small:1.92%;--awb-spacing-left-small:1.92%;\"><div class=\"fusion-column-wrapper fusion-column-has-shadow fusion-flex-justify-content-flex-start fusion-content-layout-column\"><div class=\"fusion-image-element \" style=\"--awb-caption-title-font-family:var(--h2_typography-font-family);--awb-caption-title-font-weight:var(--h2_typography-font-weight);--awb-caption-title-font-style:var(--h2_typography-font-style);--awb-caption-title-size:var(--h2_typography-font-size);--awb-caption-title-transform:var(--h2_typography-text-transform);--awb-caption-title-line-height:var(--h2_typography-line-height);--awb-caption-title-letter-spacing:var(--h2_typography-letter-spacing);\"><span class=\" fusion-imageframe imageframe-none imageframe-1 hover-type-none\"><img decoding=\"async\" width=\"1737\" height=\"1320\" title=\"Pilar_Health_\" src=\"https:\/\/azimuthworldfoundation.org\/wp-content\/uploads\/2024\/12\/Pilar_Health_.png\" data-orig-src=\"https:\/\/azimuthworldfoundation.org\/wp-content\/uploads\/2024\/12\/Pilar_Health_.png\" alt class=\"lazyload img-responsive wp-image-2614\" srcset=\"data:image\/svg+xml,%3Csvg%20xmlns%3D%27http%3A%2F%2Fwww.w3.org%2F2000%2Fsvg%27%20width%3D%271737%27%20height%3D%271320%27%20viewBox%3D%270%200%201737%201320%27%3E%3Crect%20width%3D%271737%27%20height%3D%271320%27%20fill-opacity%3D%220%22%2F%3E%3C%2Fsvg%3E\" data-srcset=\"https:\/\/azimuthworldfoundation.org\/wp-content\/uploads\/2024\/12\/Pilar_Health_-200x152.png 200w, https:\/\/azimuthworldfoundation.org\/wp-content\/uploads\/2024\/12\/Pilar_Health_-400x304.png 400w, https:\/\/azimuthworldfoundation.org\/wp-content\/uploads\/2024\/12\/Pilar_Health_-600x456.png 600w, https:\/\/azimuthworldfoundation.org\/wp-content\/uploads\/2024\/12\/Pilar_Health_-800x608.png 800w, https:\/\/azimuthworldfoundation.org\/wp-content\/uploads\/2024\/12\/Pilar_Health_-1200x912.png 1200w, https:\/\/azimuthworldfoundation.org\/wp-content\/uploads\/2024\/12\/Pilar_Health_.png 1737w\" data-sizes=\"auto\" data-orig-sizes=\"(max-width: 640px) 100vw, 600px\" \/><\/span><\/div><\/div><\/div><\/div><\/div><div class=\"fusion-fullwidth fullwidth-box fusion-builder-row-2 fusion-flex-container has-pattern-background has-mask-background nonhundred-percent-fullwidth non-hundred-percent-height-scrolling fusion-no-medium-visibility fusion-no-large-visibility\" style=\"--awb-border-radius-top-left:0px;--awb-border-radius-top-right:0px;--awb-border-radius-bottom-right:0px;--awb-border-radius-bottom-left:0px;--awb-padding-top:160px;--awb-padding-top-small:40px;--awb-background-color:#fcb43c;--awb-flex-wrap:wrap;\" ><div class=\"fusion-builder-row fusion-row fusion-flex-align-items-flex-start fusion-flex-content-wrap\" style=\"max-width:1248px;margin-left: calc(-4% \/ 2 );margin-right: calc(-4% \/ 2 );\"><div class=\"fusion-layout-column fusion_builder_column fusion-builder-column-2 fusion_builder_column_1_2 1_2 fusion-flex-column\" style=\"--awb-bg-size:cover;--awb-width-large:50%;--awb-margin-top-large:0px;--awb-spacing-right-large:3.84%;--awb-margin-bottom-large:20px;--awb-spacing-left-large:3.84%;--awb-width-medium:50%;--awb-order-medium:0;--awb-spacing-right-medium:3.84%;--awb-spacing-left-medium:3.84%;--awb-width-small:100%;--awb-order-small:0;--awb-spacing-right-small:1.92%;--awb-spacing-left-small:1.92%;\"><div class=\"fusion-column-wrapper fusion-column-has-shadow fusion-flex-justify-content-flex-start fusion-content-layout-column\"><div class=\"fusion-title title fusion-title-3 fusion-sep-none fusion-title-text fusion-title-size-three\" style=\"--awb-text-color:var(--awb-color1);--awb-font-size:30px;\"><h3 class=\"fusion-title-heading title-heading-left fusion-responsive-typography-calculated\" style=\"font-family:&quot;Karbon 500&quot;;font-style:normal;font-weight:400;margin:0;font-size:1em;letter-spacing:0.3px;--fontSize:30;line-height:1.17;\">Sobre &gt; Pilares<\/h3><\/div><div class=\"fusion-title title fusion-title-4 fusion-sep-none fusion-title-text fusion-title-size-one\" style=\"--awb-text-color:var(--awb-color1);--awb-font-size:30px;\"><h1 class=\"fusion-title-heading title-heading-left fusion-responsive-typography-calculated\" style=\"font-family:&quot;Karbon 500&quot;;font-style:normal;font-weight:400;margin:0;font-size:1em;letter-spacing:0.3px;text-transform:uppercase;--fontSize:30;line-height:1.17;\">Sa\u00fade &amp; Cura Tradicional<\/h1><\/div><div class=\"fusion-text fusion-text-2\" style=\"--awb-font-size:20px;--awb-line-height:23px;--awb-letter-spacing:0.3px;--awb-text-color:var(--awb-color1);--awb-text-font-family:&quot;Karbon 500&quot;;--awb-text-font-style:normal;--awb-text-font-weight:400;\"><p>A sa\u00fade \u00e9 um direito humano fundamental, essencial \u00e0 dignidade e a base de todos os outros direitos.<\/p>\n<\/div><\/div><\/div><div class=\"fusion-layout-column fusion_builder_column fusion-builder-column-3 fusion_builder_column_1_2 1_2 fusion-flex-column\" style=\"--awb-bg-size:cover;--awb-width-large:50%;--awb-margin-top-large:0px;--awb-spacing-right-large:3.84%;--awb-margin-bottom-large:20px;--awb-spacing-left-large:3.84%;--awb-width-medium:50%;--awb-order-medium:0;--awb-spacing-right-medium:3.84%;--awb-spacing-left-medium:3.84%;--awb-width-small:100%;--awb-order-small:0;--awb-spacing-right-small:1.92%;--awb-spacing-left-small:1.92%;\"><div class=\"fusion-column-wrapper fusion-column-has-shadow fusion-flex-justify-content-flex-start fusion-content-layout-column\"><div class=\"fusion-image-element \" style=\"--awb-caption-title-font-family:var(--h2_typography-font-family);--awb-caption-title-font-weight:var(--h2_typography-font-weight);--awb-caption-title-font-style:var(--h2_typography-font-style);--awb-caption-title-size:var(--h2_typography-font-size);--awb-caption-title-transform:var(--h2_typography-text-transform);--awb-caption-title-line-height:var(--h2_typography-line-height);--awb-caption-title-letter-spacing:var(--h2_typography-letter-spacing);\"><span class=\" fusion-imageframe imageframe-none imageframe-2 hover-type-none\"><img decoding=\"async\" width=\"1737\" height=\"1320\" title=\"Pilar_Health_\" src=\"https:\/\/azimuthworldfoundation.org\/wp-content\/uploads\/2024\/12\/Pilar_Health_.png\" data-orig-src=\"https:\/\/azimuthworldfoundation.org\/wp-content\/uploads\/2024\/12\/Pilar_Health_.png\" alt class=\"lazyload img-responsive wp-image-2614\" srcset=\"data:image\/svg+xml,%3Csvg%20xmlns%3D%27http%3A%2F%2Fwww.w3.org%2F2000%2Fsvg%27%20width%3D%271737%27%20height%3D%271320%27%20viewBox%3D%270%200%201737%201320%27%3E%3Crect%20width%3D%271737%27%20height%3D%271320%27%20fill-opacity%3D%220%22%2F%3E%3C%2Fsvg%3E\" data-srcset=\"https:\/\/azimuthworldfoundation.org\/wp-content\/uploads\/2024\/12\/Pilar_Health_-200x152.png 200w, https:\/\/azimuthworldfoundation.org\/wp-content\/uploads\/2024\/12\/Pilar_Health_-400x304.png 400w, https:\/\/azimuthworldfoundation.org\/wp-content\/uploads\/2024\/12\/Pilar_Health_-600x456.png 600w, https:\/\/azimuthworldfoundation.org\/wp-content\/uploads\/2024\/12\/Pilar_Health_-800x608.png 800w, https:\/\/azimuthworldfoundation.org\/wp-content\/uploads\/2024\/12\/Pilar_Health_-1200x912.png 1200w, https:\/\/azimuthworldfoundation.org\/wp-content\/uploads\/2024\/12\/Pilar_Health_.png 1737w\" data-sizes=\"auto\" data-orig-sizes=\"(max-width: 640px) 100vw, 600px\" \/><\/span><\/div><\/div><\/div><\/div><\/div><div class=\"fusion-fullwidth fullwidth-box fusion-builder-row-3 fusion-flex-container has-pattern-background has-mask-background nonhundred-percent-fullwidth non-hundred-percent-height-scrolling fusion-no-small-visibility\" style=\"--awb-border-radius-top-left:0px;--awb-border-radius-top-right:0px;--awb-border-radius-bottom-right:0px;--awb-border-radius-bottom-left:0px;--awb-padding-top:55px;--awb-padding-bottom:55px;--awb-flex-wrap:wrap;\" ><div class=\"fusion-builder-row fusion-row fusion-flex-align-items-flex-start fusion-flex-justify-content-center fusion-flex-content-wrap\" style=\"max-width:1248px;margin-left: calc(-4% \/ 2 );margin-right: calc(-4% \/ 2 );\"><div class=\"fusion-layout-column fusion_builder_column fusion-builder-column-4 fusion_builder_column_4_5 4_5 fusion-flex-column fusion-no-small-visibility\" style=\"--awb-bg-size:cover;--awb-width-large:80%;--awb-margin-top-large:0px;--awb-spacing-right-large:2.4%;--awb-margin-bottom-large:20px;--awb-spacing-left-large:2.4%;--awb-width-medium:80%;--awb-order-medium:0;--awb-spacing-right-medium:2.4%;--awb-spacing-left-medium:2.4%;--awb-width-small:100%;--awb-order-small:0;--awb-spacing-right-small:1.92%;--awb-spacing-left-small:1.92%;\"><div class=\"fusion-column-wrapper fusion-column-has-shadow fusion-flex-justify-content-flex-start fusion-content-layout-column\"><div class=\"fusion-text fusion-text-3\" style=\"--awb-font-size:23px;--awb-line-height:33px;--awb-letter-spacing:0.3px;\"><p>Apoiamos iniciativas de sa\u00fade lideradas por comunidades ind\u00edgenas que integram a sabedoria da cura tradicional e pr\u00e1ticas de sa\u00fade contempor\u00e2neas. As comunidades ind\u00edgenas t\u00eam conhecimento sofisticado de plantas medicinais e forma tradicionais de cura que garantiram o seu bem-estar durante gera\u00e7\u00f5es. O seu conhecimento revela a profunda liga\u00e7\u00e3o entre o ambiente e a sa\u00fade da comunidade, mostrando-nos que cuidar de um significa nutrir o outro. Atrav\u00e9s das nossas parcerias, apoiamos organiza\u00e7\u00f5es que honram esta sabedoria na abordagem aos desafios de sa\u00fade espec\u00edficos das suas comunidades.<\/p>\n<p>Apoiamos cuidados de sa\u00fade culturalmente enraizados e liderados pela comunidade, que promovam sistemas gratuitos, universais e equitativos. Estas iniciativas honram as pr\u00e1ticas tradicionais de cura e reconhecem, simultaneamente, a liga\u00e7\u00e3o insepar\u00e1vel entre a sa\u00fade das comunidades e o seu ambiente.<\/p>\n<\/div><\/div><\/div><\/div><\/div><div class=\"fusion-fullwidth fullwidth-box fusion-builder-row-4 fusion-flex-container has-pattern-background has-mask-background nonhundred-percent-fullwidth non-hundred-percent-height-scrolling fusion-no-medium-visibility fusion-no-large-visibility\" style=\"--awb-border-radius-top-left:0px;--awb-border-radius-top-right:0px;--awb-border-radius-bottom-right:0px;--awb-border-radius-bottom-left:0px;--awb-padding-top:55px;--awb-padding-bottom:55px;--awb-flex-wrap:wrap;\" ><div class=\"fusion-builder-row fusion-row fusion-flex-align-items-flex-start fusion-flex-justify-content-center fusion-flex-content-wrap\" style=\"max-width:1248px;margin-left: calc(-4% \/ 2 );margin-right: calc(-4% \/ 2 );\"><div class=\"fusion-layout-column fusion_builder_column fusion-builder-column-5 fusion_builder_column_4_5 4_5 fusion-flex-column\" style=\"--awb-bg-size:cover;--awb-width-large:80%;--awb-margin-top-large:0px;--awb-spacing-right-large:2.4%;--awb-margin-bottom-large:20px;--awb-spacing-left-large:2.4%;--awb-width-medium:80%;--awb-order-medium:0;--awb-spacing-right-medium:2.4%;--awb-spacing-left-medium:2.4%;--awb-width-small:100%;--awb-order-small:0;--awb-spacing-right-small:1.92%;--awb-spacing-left-small:1.92%;\"><div class=\"fusion-column-wrapper fusion-column-has-shadow fusion-flex-justify-content-flex-start fusion-content-layout-column\"><div class=\"fusion-text fusion-text-4\" style=\"--awb-font-size:20px;--awb-line-height:25px;--awb-letter-spacing:0.3px;\"><p>Apoiamos iniciativas de sa\u00fade lideradas por comunidades ind\u00edgenas que integram a sabedoria da cura tradicional e pr\u00e1ticas de sa\u00fade contempor\u00e2neas. As comunidades ind\u00edgenas t\u00eam conhecimento sofisticado de plantas medicinais e forma tradicionais de cura que garantiram o seu bem-estar durante gera\u00e7\u00f5es. O seu conhecimento revela a profunda liga\u00e7\u00e3o entre o ambiente e a sa\u00fade da comunidade, mostrando-nos que cuidar de um significa nutrir o outro. Atrav\u00e9s das nossas parcerias, apoiamos organiza\u00e7\u00f5es que honram esta sabedoria na abordagem aos desafios de sa\u00fade espec\u00edficos das suas comunidades.<\/p>\n<p>Apoiamos cuidados de sa\u00fade culturalmente enraizados e liderados pela comunidade, que promovam sistemas gratuitos, universais e equitativos. Estas iniciativas honram as pr\u00e1ticas tradicionais de cura e reconhecem, simultaneamente, a liga\u00e7\u00e3o insepar\u00e1vel entre a sa\u00fade das comunidades e o seu ambiente.<\/p>\n<\/div><\/div><\/div><\/div><\/div><\/p>\n","protected":false},"excerpt":{"rendered":"","protected":false},"author":1,"featured_media":0,"parent":2619,"menu_order":0,"comment_status":"closed","ping_status":"closed","template":"100-width.php","meta":{"_acf_changed":false,"footnotes":""},"class_list":["post-2621","page","type-page","status-publish","hentry"],"acf":[],"_links":{"self":[{"href":"https:\/\/azimuthworldfoundation.org\/pt-pt\/wp-json\/wp\/v2\/pages\/2621","targetHints":{"allow":["GET"]}}],"collection":[{"href":"https:\/\/azimuthworldfoundation.org\/pt-pt\/wp-json\/wp\/v2\/pages"}],"about":[{"href":"https:\/\/azimuthworldfoundation.org\/pt-pt\/wp-json\/wp\/v2\/types\/page"}],"author":[{"embeddable":true,"href":"https:\/\/azimuthworldfoundation.org\/pt-pt\/wp-json\/wp\/v2\/users\/1"}],"replies":[{"embeddable":true,"href":"https:\/\/azimuthworldfoundation.org\/pt-pt\/wp-json\/wp\/v2\/comments?post=2621"}],"version-history":[{"count":0,"href":"https:\/\/azimuthworldfoundation.org\/pt-pt\/wp-json\/wp\/v2\/pages\/2621\/revisions"}],"up":[{"embeddable":true,"href":"https:\/\/azimuthworldfoundation.org\/pt-pt\/wp-json\/wp\/v2\/pages\/2619"}],"wp:attachment":[{"href":"https:\/\/azimuthworldfoundation.org\/pt-pt\/wp-json\/wp\/v2\/media?parent=2621"}],"curies":[{"name":"wp","href":"https:\/\/api.w.org\/{rel}","templated":true}]}}